{"id":339,"date":"2018-01-22T15:11:07","date_gmt":"2018-01-22T19:11:07","guid":{"rendered":"http:\/\/ayuntamiento.o\/transparencia\/?page_id=339"},"modified":"2021-01-16T00:35:24","modified_gmt":"2021-01-16T04:35:24","slug":"como-ser-proveedor","status":"publish","type":"page","link":"https:\/\/ayuntamientohiguey.gob.do\/transparencia\/como-ser-proveedor\/","title":{"rendered":"\u00bfC\u00f3mo ser proveedor?"},"content":{"rendered":"<h4 style=\"text-align: justify\"><strong>PASOS\u00a0PARA INSCRIBIRSE EN EL REGISTRO DE PROVEEDORES DEL ESTADO (RPE).<\/strong><\/h4>\n<p style=\"text-align: justify\">La Inscripci\u00f3n en el Registro de Proveedores del Estado puede realizarse f\u00edsicamente o mediante la solicitud de inscripci\u00f3n digital, la cual ser\u00e1 aprobada al momento de completar la documentaci\u00f3n requerida en oficina de Compras y Contrataciones en un plazo no mayor de 4 d\u00edas.<\/p>\n<p style=\"text-align: justify\"><a href=\"http:\/\/ayuntamientohiguey.gob.do\/transparencia\/wp-content\/uploads\/2020\/06\/FORMULARIO-REGISTRO-PROVEEDORES.pdf\">FORMULARIO REGISTRO PROVEEDORES<\/a><\/p>\n<ol>\n<li style=\"text-align: justify\">El oferente debe depositar toda la documentaci\u00f3n requerida en las oficinas del Registro de Proveedores del Estado, en la Direcci\u00f3n General de Contrataciones P\u00fablicas, \u00fanico organismo autorizado para otorgar este registro.<\/li>\n<li style=\"text-align: justify\">Luego de entregada la documentaci\u00f3n completa, se procede a certificar y validar las mismas.<\/li>\n<li style=\"text-align: justify\">Luego de validadas las informaciones se procede aprobar y a otorgar el n\u00famero de proveedor en el Registro de Proveedores del Estado.<\/li>\n<li style=\"text-align: justify\">Despu\u00e9s de aprobado el expediente puede pasar por las oficinas del Registro de Proveedores del Estado a recoger su constancia de inscripci\u00f3n o imprimirla por medio del portal www.comprasdominicana.gov.do<\/li>\n<\/ol>\n","protected":false},"excerpt":{"rendered":"PASOS\u00a0PARA INSCRIBIRSE EN EL REGISTRO DE PROVEEDORES DEL ESTADO (RPE). La Inscripci\u00f3n en el Registro de Proveedores del Estado puede realizarse f\u00edsicamente o mediante la solicitud de inscripci\u00f3n digital, la cual ser\u00e1 aprobada al momento de completar la documentaci\u00f3n requerida en oficina de Compras y Contrataciones en un plazo no mayor de 4 d\u00edas. FORMULARIO&#8230;","protected":false},"author":4,"featured_media":0,"parent":0,"menu_order":0,"comment_status":"closed","ping_status":"closed","template":"","meta":[],"_links":{"self":[{"href":"https:\/\/ayuntamientohiguey.gob.do\/transparencia\/wp-json\/wp\/v2\/pages\/339"}],"collection":[{"href":"https:\/\/ayuntamientohiguey.gob.do\/transparencia\/wp-json\/wp\/v2\/pages"}],"about":[{"href":"https:\/\/ayuntamientohiguey.gob.do\/transparencia\/wp-json\/wp\/v2\/types\/page"}],"author":[{"embeddable":true,"href":"https:\/\/ayuntamientohiguey.gob.do\/transparencia\/wp-json\/wp\/v2\/users\/4"}],"replies":[{"embeddable":true,"href":"https:\/\/ayuntamientohiguey.gob.do\/transparencia\/wp-json\/wp\/v2\/comments?post=339"}],"version-history":[{"count":5,"href":"https:\/\/ayuntamientohiguey.gob.do\/transparencia\/wp-json\/wp\/v2\/pages\/339\/revisions"}],"predecessor-version":[{"id":502,"href":"https:\/\/ayuntamientohiguey.gob.do\/transparencia\/wp-json\/wp\/v2\/pages\/339\/revisions\/502"}],"wp:attachment":[{"href":"https:\/\/ayuntamientohiguey.gob.do\/transparencia\/wp-json\/wp\/v2\/media?parent=339"}],"curies":[{"name":"wp","href":"https:\/\/api.w.org\/{rel}","templated":true}]}}