{"id":56,"date":"2017-12-12T10:55:12","date_gmt":"2017-12-12T14:55:12","guid":{"rendered":"http:\/\/ayuntamiento.guineo\/transparencia\/?page_id=56"},"modified":"2022-05-09T16:00:30","modified_gmt":"2022-05-09T20:00:30","slug":"derechos-de-los-ciudadanos","status":"publish","type":"page","link":"https:\/\/ayuntamientohiguey.gob.do\/transparencia\/derechos-de-los-ciudadanos\/","title":{"rendered":"Derechos y Deberes de los Ciudadanos"},"content":{"rendered":"<p style=\"text-align: justify\"><strong>Derechos del Ciudadano<\/strong><\/p>\n<ol style=\"text-align: justify\">\n<li>Solicitar y recibir informaci\u00f3n completa, veraz, adecuada y oportuna, del Ayuntamiento Municipal de Hig\u00fcey.<\/li>\n<li>Acceder a informaci\u00f3n contenida en actas y expedientes del Ayuntamiento Municipal de Hig\u00fcey, as\u00ed como estar informado peri\u00f3dicamente, cuando lo requiera, de las actividades que desarrollan entidades y personas que cumplen funciones en la instituci\u00f3n.<\/li>\n<li>Buscar, solicitar, recibir y difundir informaci\u00f3n perteneciente del Ayuntamiento Municipal de Hig\u00fcey, y de formular consultas a las entidades y personas que cumplan funciones en la misma y obtener copia de los documentos que recopilen informaci\u00f3n sobre el ejercicio de las actividades de su competencia.<\/li>\n<li>Recibir la informaci\u00f3n, sencilla y accesible, sobre los tr\u00e1mites y procedimientos necesarios para agotar la solicitud de las informaciones que requieran, solicitar orientaci\u00f3n o formular quejas, consultas o reclamos sobre la prestaci\u00f3n del servicio o sobre el ejercicio de las funciones o competencias a cargo de la entidad o persona de que se trate.<\/li>\n<li>Recibir la informaci\u00f3n en el tiempo establecido, en el formato existente y por la v\u00eda acordada en el formulario de solicitud.<\/li>\n<li>Acceder a la informaci\u00f3n de forma gratuita, en tanto no requiera la reproducci\u00f3n de la misma.<\/li>\n<li>Ser notificado oportunamente y por escrito sobre limitaciones y excepciones para hacer disponible la informaci\u00f3n solicitada y el fundamento legal de la denegatoria.<\/li>\n<li>Recurrir a las autoridades jer\u00e1rquicas superiores del ente u \u00f3rgano de que se trate, a fin de resolver de forma definitiva la denegaci\u00f3n de la informaci\u00f3n solicitada, cuando \u00e9sta se debe a razones de reserva o confidencialidad o cuando no est\u00e9 conforme con la decisi\u00f3n adoptada.<\/li>\n<li>Obtener un recurso de amparo ante el Tribunal Contencioso Administrativo en los casos en que el organismo o la persona a quien se haya solicitado la informaci\u00f3n, no ofrezca \u00e9sta en el tiempo establecido para ello o, cuando el \u00f3rgano superior jer\u00e1rquico no fallare el recurso interpuesto en el tiempo establecido.<br \/>\nEn cumplimiento a la Ley 200-04 y el Decreto 130-05, el acceso a la informaci\u00f3n se har\u00e1 efectivo siempre y cuando no afecte la seguridad nacional, el orden p\u00fablico, la salud o la moral p\u00fablica o el derecho a la privacidad e intimidad de un tercero o el derecho a la reputaci\u00f3n de los dem\u00e1s.<\/li>\n<\/ol>\n<p style=\"text-align: justify\"><strong>\u00a0<\/strong><\/p>\n<p style=\"text-align: justify\"><strong>\u00a0<\/strong><\/p>\n<p style=\"text-align: justify\"><strong>Deberes del Ciudadano<\/strong><\/p>\n<ol style=\"text-align: justify\">\n<li>Respetar y ajustarse al calendario establecido para la recolecci\u00f3n de los residuos s\u00f3lidos de su sector y calle, colocando sus desechos solo en las fechas establecidas y en el frente de su propiedad o que administre (vivienda, negocio o lugar espec\u00edfico del edificio en caso de condominios, gomeras, talleres, cl\u00ednicas y negocios que producen determinado tipo de desechos).<\/li>\n<li>Denunciar a toda persona o empresa que coloque sus desechos s\u00f3lidos en los tiempos que no le corresponden a su ruta de recolecci\u00f3n.<\/li>\n<li>Colocar sus desechos s\u00f3lidos en envases adecuados que permitan la recolecci\u00f3n de los mismos y que no se produzcan esparcimiento desordenado de los desechos en su frente o lugar de colocaci\u00f3n de los mismos.<\/li>\n<li>Denunciar a personas y empresas que coloquen basura no empacada, ya sea en su frente o en cualquier punto que lo haya visto.<\/li>\n<li>Personas, empresas urbanizadoras y dem\u00e1s propietarios de solares sin construcci\u00f3n, o con mejoras (construcci\u00f3n a medias) tienen del deber y responsabilidad de mantener limpio el solar en su interior y per\u00edmetro.<\/li>\n<li>Mantener limpio el frente de sus respectivas viviendas y\/o negocios.<\/li>\n<li>Cumplir con el compromiso de pago del arbitrio correspondiente a la recolecci\u00f3n de desechos s\u00f3lidos establecidos por el Ayuntamiento Municipal de Hig\u00fcey, en tiempo h\u00e1bil y evitar atrasos en dicho compromiso.<\/li>\n<li>Hacer uso de los servicios p\u00fablicos municipales en las condiciones establecidas en las ordenanzas y reglamentos municipales.<\/li>\n<li>Participar en la gesti\u00f3n municipal de acuerdo con lo dispuesto en las leyes y reglamentos.<\/li>\n<li>Cuidar y conservar las obras de parques, ornatos, busto, y obras art\u00edsticas construidos por el ayuntamiento Municipal.<\/li>\n<li>Comparecer ante la autoridad municipal cuando sean citados seg\u00fan una disposici\u00f3n legal con indicaci\u00f3n del motivo de citaci\u00f3n.<\/li>\n<\/ol>\n<p style=\"text-align: justify\">12. Facilitar a las autoridades municipales, conforme a la ley vigente, los datos e informaci\u00f3n que les soliciten, cuando aquellos, justificadamente, sean necesarios para la tramitaci\u00f3n y el buen fin de los procedimientos administrativos.<\/p>\n","protected":false},"excerpt":{"rendered":"Derechos del Ciudadano Solicitar y recibir informaci\u00f3n completa, veraz, adecuada y oportuna, del Ayuntamiento Municipal de Hig\u00fcey. Acceder a informaci\u00f3n contenida en actas y expedientes del Ayuntamiento Municipal de Hig\u00fcey, as\u00ed como estar informado peri\u00f3dicamente, cuando lo requiera, de las actividades que desarrollan entidades y personas que cumplen funciones en la instituci\u00f3n. Buscar, solicitar, recibir&#8230;","protected":false},"author":4,"featured_media":0,"parent":0,"menu_order":0,"comment_status":"closed","ping_status":"closed","template":"","meta":[],"_links":{"self":[{"href":"https:\/\/ayuntamientohiguey.gob.do\/transparencia\/wp-json\/wp\/v2\/pages\/56"}],"collection":[{"href":"https:\/\/ayuntamientohiguey.gob.do\/transparencia\/wp-json\/wp\/v2\/pages"}],"about":[{"href":"https:\/\/ayuntamientohiguey.gob.do\/transparencia\/wp-json\/wp\/v2\/types\/page"}],"author":[{"embeddable":true,"href":"https:\/\/ayuntamientohiguey.gob.do\/transparencia\/wp-json\/wp\/v2\/users\/4"}],"replies":[{"embeddable":true,"href":"https:\/\/ayuntamientohiguey.gob.do\/transparencia\/wp-json\/wp\/v2\/comments?post=56"}],"version-history":[{"count":7,"href":"https:\/\/ayuntamientohiguey.gob.do\/transparencia\/wp-json\/wp\/v2\/pages\/56\/revisions"}],"predecessor-version":[{"id":3238,"href":"https:\/\/ayuntamientohiguey.gob.do\/transparencia\/wp-json\/wp\/v2\/pages\/56\/revisions\/3238"}],"wp:attachment":[{"href":"https:\/\/ayuntamientohiguey.gob.do\/transparencia\/wp-json\/wp\/v2\/media?parent=56"}],"curies":[{"name":"wp","href":"https:\/\/api.w.org\/{rel}","templated":true}]}}